{"id":50,"date":"2023-09-14T11:26:11","date_gmt":"2023-09-14T11:26:11","guid":{"rendered":"https:\/\/lass-ihn-reden.at\/index.php\/impressum\/"},"modified":"2025-06-11T13:31:49","modified_gmt":"2025-06-11T13:31:49","slug":"impressum","status":"publish","type":"page","link":"https:\/\/lass-ihn-reden.at\/index.php\/impressum\/","title":{"rendered":"Impressum"},"content":{"rendered":"\t\t<div data-elementor-type=\"wp-page\" data-elementor-id=\"50\" class=\"elementor elementor-50\" data-elementor-post-type=\"page\">\n\t\t\t\t\t\t\t\t\t<section class=\"elementor-section elementor-top-section elementor-element elementor-element-7ab2d06c elementor-section-boxed elementor-section-height-default elementor-section-height-default\" data-id=\"7ab2d06c\" data-element_type=\"section\">\n\t\t\t\t\t\t<div class=\"elementor-container elementor-column-gap-default\">\n\t\t\t\t\t<div class=\"elementor-column elementor-col-100 elementor-top-column elementor-element elementor-element-751a68cb\" data-id=\"751a68cb\" data-element_type=\"column\">\n\t\t\t<div class=\"elementor-widget-wrap elementor-element-populated\">\n\t\t\t\t\t\t\t\t<div class=\"elementor-element elementor-element-f807615 ob-harakiri-inherit ob-has-background-overlay elementor-widget elementor-widget-heading\" data-id=\"f807615\" data-element_type=\"widget\" data-settings=\"{&quot;_ob_use_harakiri&quot;:&quot;yes&quot;,&quot;_ob_harakiri_writing_mode&quot;:&quot;inherit&quot;,&quot;_ob_harakiri_text_clip&quot;:&quot;none&quot;,&quot;_ob_poopart_use&quot;:&quot;yes&quot;}\" data-widget_type=\"heading.default\">\n\t\t\t\t<div class=\"elementor-widget-container\">\n\t\t\t<style>\/*! elementor - v3.17.0 - 25-10-2023 *\/\n.elementor-heading-title{padding:0;margin:0;line-height:1}.elementor-widget-heading .elementor-heading-title[class*=elementor-size-]>a{color:inherit;font-size:inherit;line-height:inherit}.elementor-widget-heading .elementor-heading-title.elementor-size-small{font-size:15px}.elementor-widget-heading .elementor-heading-title.elementor-size-medium{font-size:19px}.elementor-widget-heading .elementor-heading-title.elementor-size-large{font-size:29px}.elementor-widget-heading .elementor-heading-title.elementor-size-xl{font-size:39px}.elementor-widget-heading .elementor-heading-title.elementor-size-xxl{font-size:59px}<\/style><h1 class=\"elementor-heading-title elementor-size-default\">Impressum<\/h1>\t\t<\/div>\n\t\t\t\t<\/div>\n\t\t\t\t<div class=\"elementor-element elementor-element-671d79c ob-harakiri-inherit ob-has-background-overlay elementor-widget elementor-widget-text-editor\" data-id=\"671d79c\" data-element_type=\"widget\" data-settings=\"{&quot;_ob_use_harakiri&quot;:&quot;yes&quot;,&quot;_ob_harakiri_writing_mode&quot;:&quot;inherit&quot;,&quot;_ob_poopart_use&quot;:&quot;yes&quot;}\" data-widget_type=\"text-editor.default\">\n\t\t\t\t<div class=\"elementor-widget-container\">\n\t\t\t<style>\/*! elementor - v3.17.0 - 25-10-2023 *\/\n.elementor-widget-text-editor.elementor-drop-cap-view-stacked .elementor-drop-cap{background-color:#69727d;color:#fff}.elementor-widget-text-editor.elementor-drop-cap-view-framed .elementor-drop-cap{color:#69727d;border:3px solid;background-color:transparent}.elementor-widget-text-editor:not(.elementor-drop-cap-view-default) .elementor-drop-cap{margin-top:8px}.elementor-widget-text-editor:not(.elementor-drop-cap-view-default) .elementor-drop-cap-letter{width:1em;height:1em}.elementor-widget-text-editor .elementor-drop-cap{float:left;text-align:center;line-height:1;font-size:50px}.elementor-widget-text-editor .elementor-drop-cap-letter{display:inline-block}<\/style>\t\t\t\t<p class=\"adsimple-122996990\">Informationen \u00fcber den Diensteanbieter.<\/p><p><strong>Gernot Danowski<\/strong><\/p><p class=\"adsimple-122996990\">Gernot Danowski<\/p><p class=\"adsimple-122996990\">Fasangasse 7 1\/2,<br \/>3463 Stetteldorf am Wagram,<br \/>\u00d6sterreich<\/p><p><strong>Tel.:<\/strong> +4367761296825<\/p><div>\u00a0<\/div><p><strong>Unternehmensgegenstand:<\/strong> Freier Redner f\u00fcr Zeremonien, insbesondere Trauerfeiern, Hochzeiten und andere Lebensfeste, Eventmoderation, Unterhaltung f\u00fcr Feste und gesellige Anl\u00e4sse<br \/><strong>UID-Nummer:<\/strong> ATU78690506<\/p><div>\u00a0<\/div><p><strong>Aufsichtsbeh\u00f6rde:<\/strong><br \/>Bezirkshauptmannschaft Korneuburg<br \/>Bezirkshauptmannschaft Korneuburg<br \/>Bankmannring 5<br \/>2100 Korneuburg<br \/><strong>Webseite:<\/strong> <a href=\"https:\/\/www.noe.gv.at\/noe\/Korneuburg\/Bezirkshauptmannschaft_Korneuburg.html\" target=\"_blank\" rel=\"noopener\">https:\/\/www.noe.gv.at\/noe\/Korneuburg\/Bezirkshauptmannschaft_Korneuburg.html<\/a><\/p><div>\u00a0<\/div><p><strong>Berufsbezeichnung:<\/strong> Freier Redner<br \/><strong>Verleihungsstaat:<\/strong> \u00d6sterreich<\/p><div>\u00a0<\/div><p><strong>Datenschutz Verantwortlicher<\/strong><br \/>Gernot Danowski<br \/>Fasangasse 7 1\/2<br \/>3463 Stetteldorf am Wagram<br \/><strong>E-Mail:<\/strong> <a href=\"mailto:gernot.danowski@gmx.de\">gernot.danowski@gmx.de<\/a><br \/><strong>Tel.:<\/strong> +4367761296825<br \/><strong>Impressum:<\/strong> <a href=\"http:\/\/www.lass-ihn-reden.at\/impressum\">www.lass-ihn-reden.at\/impressum<\/a><\/p><p>\u00a0<\/p><h2 id=\"eu-streitschlichtung\" class=\"adsimple-122996990 fusion-responsive-typography-calculated\" style=\"font-size: 1.6em;\" data-fontsize=\"24\" data-lineheight=\"36px\">EU-Streitschlichtung<\/h2><p class=\"adsimple-122996990\">Gem\u00e4\u00df Verordnung \u00fcber Online-Streitbeilegung in Verbraucherangelegenheiten (ODR-Verordnung) m\u00f6chten wir Sie \u00fcber die Online-Streitbeilegungsplattform (OS-Plattform) informieren.<br \/>Verbraucher haben die M\u00f6glichkeit, Beschwerden an die Online Streitbeilegungsplattform der Europ\u00e4ischen Kommission unter <a class=\"adsimple-122996990\" href=\"https:\/\/ec.europa.eu\/consumers\/odr\/main\/index.cfm?event=main.home2.show&amp;lng=DE\" target=\"_blank\" rel=\"follow noopener\">https:\/\/ec.europa.eu\/consumers\/odr\/main\/index.cfm?event=main.home2.show&amp;lng=DE<\/a> zu richten. Die daf\u00fcr notwendigen Kontaktdaten finden Sie oberhalb in unserem Impressum.<\/p><p class=\"adsimple-122996990\">Wir m\u00f6chten Sie jedoch darauf hinweisen, dass wir nicht bereit oder verpflichtet sind, an Streitbeilegungsverfahren vor einer Verbraucherschlichtungsstelle teilzunehmen.<\/p><p>Alle Texte sind urheberrechtlich gesch\u00fctzt.<\/p><p>Quelle: Erstellt mit dem <a title=\"Impressum Generator \u00d6sterreich von AdSimple\" href=\"https:\/\/www.adsimple.at\/impressum-generator\/\">Impressum Generator<\/a> von AdSimple<\/p>\t\t\t\t\t\t<\/div>\n\t\t\t\t<\/div>\n\t\t\t\t\t<\/div>\n\t\t<\/div>\n\t\t\t\t\t\t\t<\/div>\n\t\t<\/section>\n\t\t\t\t\t\t\t<\/div>\n\t\t","protected":false},"excerpt":{"rendered":"<p>Impressum Informationen \u00fcber den Diensteanbieter. Gernot Danowski Gernot Danowski Fasangasse 7 1\/2,3463 Stetteldorf am Wagram,\u00d6sterreich Tel.: +4367761296825 \u00a0 Unternehmensgegenstand: Freier Redner f\u00fcr Zeremonien, insbesondere Trauerfeiern, Hochzeiten und andere Lebensfeste, Eventmoderation, Unterhaltung f\u00fcr Feste und gesellige Anl\u00e4sseUID-Nummer: ATU78690506 \u00a0 Aufsichtsbeh\u00f6rde:Bezirkshauptmannschaft KorneuburgBezirkshauptmannschaft KorneuburgBankmannring 52100 KorneuburgWebseite: https:\/\/www.noe.gv.at\/noe\/Korneuburg\/Bezirkshauptmannschaft_Korneuburg.html \u00a0 Berufsbezeichnung: Freier RednerVerleihungsstaat: \u00d6sterreich \u00a0 Datenschutz VerantwortlicherGernot DanowskiFasangasse 7 1\/23463 [&hellip;]<\/p>\n","protected":false},"author":4,"featured_media":0,"parent":0,"menu_order":0,"comment_status":"closed","ping_status":"closed","template":"","meta":{"footnotes":""},"class_list":["post-50","page","type-page","status-publish","hentry"],"_links":{"self":[{"href":"https:\/\/lass-ihn-reden.at\/index.php\/wp-json\/wp\/v2\/pages\/50","targetHints":{"allow":["GET"]}}],"collection":[{"href":"https:\/\/lass-ihn-reden.at\/index.php\/wp-json\/wp\/v2\/pages"}],"about":[{"href":"https:\/\/lass-ihn-reden.at\/index.php\/wp-json\/wp\/v2\/types\/page"}],"author":[{"embeddable":true,"href":"https:\/\/lass-ihn-reden.at\/index.php\/wp-json\/wp\/v2\/users\/4"}],"replies":[{"embeddable":true,"href":"https:\/\/lass-ihn-reden.at\/index.php\/wp-json\/wp\/v2\/comments?post=50"}],"version-history":[{"count":16,"href":"https:\/\/lass-ihn-reden.at\/index.php\/wp-json\/wp\/v2\/pages\/50\/revisions"}],"predecessor-version":[{"id":843,"href":"https:\/\/lass-ihn-reden.at\/index.php\/wp-json\/wp\/v2\/pages\/50\/revisions\/843"}],"wp:attachment":[{"href":"https:\/\/lass-ihn-reden.at\/index.php\/wp-json\/wp\/v2\/media?parent=50"}],"curies":[{"name":"wp","href":"https:\/\/api.w.org\/{rel}","templated":true}]}}